{"id":8116,"date":"2025-01-22T10:50:42","date_gmt":"2025-01-22T10:50:42","guid":{"rendered":"https:\/\/whatsappsignals.com\/best-signals\/"},"modified":"2025-01-22T12:11:18","modified_gmt":"2025-01-22T12:11:18","slug":"best-signals","status":"publish","type":"page","link":"https:\/\/whatsappsignals.com\/pt-br\/best-signals\/","title":{"rendered":"Best Signals"},"content":{"rendered":"\t\t<div data-elementor-type=\"wp-page\" data-elementor-id=\"8116\" class=\"elementor elementor-8116\" data-elementor-post-type=\"page\">\n\t\t\t\t<div class=\"elementor-element elementor-element-d71394d e-flex e-con-boxed e-con e-parent\" data-id=\"d71394d\" data-element_type=\"container\" data-settings=\"{&quot;background_background&quot;:&quot;classic&quot;}\">\n\t\t\t\t\t<div class=\"e-con-inner\">\n\t\t\t\t<div class=\"elementor-element elementor-element-aaa444a elementor-widget__width-initial elementor-widget elementor-widget-heading\" data-id=\"aaa444a\" data-element_type=\"widget\" data-widget_type=\"heading.default\">\n\t\t\t\t<div class=\"elementor-widget-container\">\n\t\t\t\t\t<h2 class=\"elementor-heading-title elementor-size-default\">Principais Sinais de Negocia\u00e7\u00e3o Semanais: <br \/>\nSua Vantagem no Mercado<\/h2>\t\t\t\t<\/div>\n\t\t\t\t<\/div>\n\t\t\t\t<div class=\"elementor-element elementor-element-bcbefd8 elementor-widget__width-initial elementor-widget elementor-widget-text-editor\" data-id=\"bcbefd8\" data-element_type=\"widget\" data-widget_type=\"text-editor.default\">\n\t\t\t\t<div class=\"elementor-widget-container\">\n\t\t\t\t\t\t\t\t\t<div class=\"elementor-element elementor-element-85c3c3e elementor-widget__width-initial elementor-widget elementor-widget-text-editor\" data-id=\"85c3c3e\" data-element_type=\"widget\" data-widget_type=\"text-editor.default\"><div class=\"elementor-widget-container\"><div class=\"elementor-element elementor-element-85c3c3e elementor-widget__width-initial elementor-widget elementor-widget-text-editor\" data-id=\"85c3c3e\" data-element_type=\"widget\" data-widget_type=\"text-editor.default\"><div class=\"elementor-widget-container\"><p>Descubra os sinais de negocia\u00e7\u00e3o de melhor desempenho atualizados todas as semanas para ajud\u00e1-lo a tomar decis\u00f5es informadas e aproveitar as oportunidades do mercado. Seja negociando forex, a\u00e7\u00f5es ou commodities, nossos sinais oferecem insights valiosos para mant\u00ea-lo \u00e0 frente. Volte toda semana para as \u00faltimas atualiza\u00e7\u00f5es e maximize seu potencial de negocia\u00e7\u00e3o.<\/p><\/div><\/div><\/div><\/div>\t\t\t\t\t\t\t\t<\/div>\n\t\t\t\t<\/div>\n\t\t\t\t<div class=\"elementor-element elementor-element-5245dc8 elementor-widget elementor-widget-WinningCards\" data-id=\"5245dc8\" data-element_type=\"widget\" data-widget_type=\"WinningCards.default\">\n\t\t\t\t<div class=\"elementor-widget-container\">\n\t\t\t\t\t        <div class=\"traders-container swiper\">\n            <div class=\"swiper-wrapper\">\n                                    <div class=\"trade-card swiper-slide\">\n\n                        <div class=\"category\">\n                            FOREX                        <\/div>\n\n                        <div class=\"card-header\">\n                                                            <img decoding=\"async\" class=\"card-image\" src=\"https:\/\/file.seekapaemail.com\/assetimg\/eur.png\" alt=\"EUR\/JPY\" \/>\n                                                                                        <img decoding=\"async\" class=\"card-image card-image-2\" src=\"https:\/\/file.seekapaemail.com\/assetimg\/jpy.png\" alt=\"EUR\/JPY\" \/>\n                            \n                            <div class=\"header-content\">\n                                <h3>EUR\/JPY<\/h3>\n                                <p>EURJPY<\/p>\n                            <\/div>\n                        <\/div>\n\n                        <div class='card-content'>\n                            <p class=\"open-price\">Pre\u00e7o de Abertura: 187.535<\/p>\n                            <p class=\"close-price\">Pre\u00e7o de Fechamento: 186.614<\/p>\n                            <p class=\"action\">A\u00e7\u00e3o:  SELL<\/p>\n                            <p class=\"open-date\">Data e Hora de Abertura (GMT): 2026-04-17 13:15:00<\/p>\n                            <div class=\"profit-wrapper\">\n                                <b>Investindo $1000 (alavancado)<\/b>\n                                <p class=\"profit\">Seu Lucro Seria:                                    <span>$1964.43 \ud83d\udcb0<\/span>\n                                <\/p>\n                            <\/div>\n                        <\/div>\n                    <\/div>\n                                        <div class=\"trade-card swiper-slide\">\n\n                        <div class=\"category\">\n                            CRYPTO                        <\/div>\n\n                        <div class=\"card-header\">\n                                                            <img decoding=\"async\" class=\"card-image\" src=\"http:\/\/nfp.pandats.com\/asset-icons\/btc.svg\" alt=\"BTC\/USD\" \/>\n                                                        \n                            <div class=\"header-content\">\n                                <h3>BTC\/USD<\/h3>\n                                <p>BTCUSD<\/p>\n                            <\/div>\n                        <\/div>\n\n                        <div class='card-content'>\n                            <p class=\"open-price\">Pre\u00e7o de Abertura: 75609<\/p>\n                            <p class=\"close-price\">Pre\u00e7o de Fechamento: 74705.9<\/p>\n                            <p class=\"action\">A\u00e7\u00e3o:  SELL<\/p>\n                            <p class=\"open-date\">Data e Hora de Abertura (GMT): 2026-04-14 14:00:00<\/p>\n                            <div class=\"profit-wrapper\">\n                                <b>Investindo $1000 (alavancado)<\/b>\n                                <p class=\"profit\">Seu Lucro Seria:                                    <span>$4777.74 \ud83d\udcb0<\/span>\n                                <\/p>\n                            <\/div>\n                        <\/div>\n                    <\/div>\n                                        <div class=\"trade-card swiper-slide\">\n\n                        <div class=\"category\">\n                            COMMODITIES                        <\/div>\n\n                        <div class=\"card-header\">\n                                                            <img decoding=\"async\" class=\"card-image\" src=\"https:\/\/file.seekapaemail.com\/assetimg\/gold.png\" alt=\"Gold\" \/>\n                                                        \n                            <div class=\"header-content\">\n                                <h3>Gold<\/h3>\n                                <p>XAUUSD<\/p>\n                            <\/div>\n                        <\/div>\n\n                        <div class='card-content'>\n                            <p class=\"open-price\">Pre\u00e7o de Abertura: 4752.4<\/p>\n                            <p class=\"close-price\">Pre\u00e7o de Fechamento: 4792.03<\/p>\n                            <p class=\"action\">A\u00e7\u00e3o:  BUY<\/p>\n                            <p class=\"open-date\">Data e Hora de Abertura (GMT): 2026-04-20 00:15:00<\/p>\n                            <div class=\"profit-wrapper\">\n                                <b>Investindo $1000 (alavancado)<\/b>\n                                <p class=\"profit\">Seu Lucro Seria:                                    <span>$3335.58 \ud83d\udcb0<\/span>\n                                <\/p>\n                            <\/div>\n                        <\/div>\n                    <\/div>\n                                <\/div>\n            <div class=\"swiper-pagination\"><\/div>\n        <\/div>\n\t\t\t\t<\/div>\n\t\t\t\t<\/div>\n\t\t\t\t<div class=\"elementor-element elementor-element-f7eb52f elementor-align-center elementor-widget elementor-widget-button\" data-id=\"f7eb52f\" data-element_type=\"widget\" data-widget_type=\"button.default\">\n\t\t\t\t<div class=\"elementor-widget-container\">\n\t\t\t\t\t\t\t\t\t<div class=\"elementor-button-wrapper\">\n\t\t\t\t\t<a class=\"elementor-button elementor-button-link elementor-size-sm\" href=\"https:\/\/whatsappsignals.com\/#whatsappform\">\n\t\t\t\t\t\t<span class=\"elementor-button-content-wrapper\">\n\t\t\t\t\t\t\t\t\t<span class=\"elementor-button-text\">Obtenha Sinais Agora<\/span>\n\t\t\t\t\t<\/span>\n\t\t\t\t\t<\/a>\n\t\t\t\t<\/div>\n\t\t\t\t\t\t\t\t<\/div>\n\t\t\t\t<\/div>\n\t\t\t\t\t<\/div>\n\t\t\t\t<\/div>\n\t\t\t\t<\/div>\n\t\t","protected":false},"excerpt":{"rendered":"<p>Principais Sinais de Negocia\u00e7\u00e3o Semanais: Sua Vantagem no Mercado Descubra os sinais de negocia\u00e7\u00e3o de melhor desempenho atualizados todas as semanas para ajud\u00e1-lo a tomar decis\u00f5es informadas e aproveitar as oportunidades do mercado. Seja negociando forex, a\u00e7\u00f5es ou commodities, nossos sinais oferecem insights valiosos para mant\u00ea-lo \u00e0 frente. Volte toda semana para as \u00faltimas atualiza\u00e7\u00f5es [&hellip;]<\/p>\n","protected":false},"author":171,"featured_media":0,"parent":0,"menu_order":0,"comment_status":"closed","ping_status":"closed","template":"","meta":{"inline_featured_image":false,"footnotes":""},"class_list":["post-8116","page","type-page","status-publish","hentry"],"acf":[],"_links":{"self":[{"href":"https:\/\/whatsappsignals.com\/pt-br\/wp-json\/wp\/v2\/pages\/8116","targetHints":{"allow":["GET"]}}],"collection":[{"href":"https:\/\/whatsappsignals.com\/pt-br\/wp-json\/wp\/v2\/pages"}],"about":[{"href":"https:\/\/whatsappsignals.com\/pt-br\/wp-json\/wp\/v2\/types\/page"}],"author":[{"embeddable":true,"href":"https:\/\/whatsappsignals.com\/pt-br\/wp-json\/wp\/v2\/users\/171"}],"replies":[{"embeddable":true,"href":"https:\/\/whatsappsignals.com\/pt-br\/wp-json\/wp\/v2\/comments?post=8116"}],"version-history":[{"count":0,"href":"https:\/\/whatsappsignals.com\/pt-br\/wp-json\/wp\/v2\/pages\/8116\/revisions"}],"wp:attachment":[{"href":"https:\/\/whatsappsignals.com\/pt-br\/wp-json\/wp\/v2\/media?parent=8116"}],"curies":[{"name":"wp","href":"https:\/\/api.w.org\/{rel}","templated":true}]}}