{"id":4698,"date":"2023-12-26T14:22:13","date_gmt":"2023-12-26T14:22:13","guid":{"rendered":"https:\/\/whatsappsignals.com\/about-us\/"},"modified":"2023-12-27T15:54:39","modified_gmt":"2023-12-27T15:54:39","slug":"about-us","status":"publish","type":"page","link":"https:\/\/whatsappsignals.com\/pt-br\/about-us\/","title":{"rendered":"About Us"},"content":{"rendered":"\t\t<div data-elementor-type=\"wp-page\" data-elementor-id=\"4698\" class=\"elementor elementor-4698\" data-elementor-post-type=\"page\">\n\t\t\t\t\t\t<section class=\"elementor-section elementor-top-section elementor-element elementor-element-23aec738 elementor-section-boxed elementor-section-height-default elementor-section-height-default\" data-id=\"23aec738\" data-element_type=\"section\" data-settings=\"{&quot;background_background&quot;:&quot;classic&quot;}\">\n\t\t\t\t\t\t\t<div class=\"elementor-background-overlay\"><\/div>\n\t\t\t\t\t\t\t<div class=\"elementor-container elementor-column-gap-default\">\n\t\t\t\t\t<div class=\"elementor-column elementor-col-50 elementor-top-column elementor-element elementor-element-413427a4\" data-id=\"413427a4\" data-element_type=\"column\">\n\t\t\t<div class=\"elementor-widget-wrap elementor-element-populated\">\n\t\t\t\t\t\t<div class=\"elementor-element elementor-element-1972b013 elementor-widget__width-initial elementor-hidden-tablet elementor-hidden-mobile elementor-widget elementor-widget-heading\" data-id=\"1972b013\" data-element_type=\"widget\" data-widget_type=\"heading.default\">\n\t\t\t\t<div class=\"elementor-widget-container\">\n\t\t\t\t\t<h1 class=\"elementor-heading-title elementor-size-default\"><span style=\"color: #000\">Sinais do WhatsApp <\/span>s\u00e3o seu guia para os mercados financeiros<\/h1>\t\t\t\t<\/div>\n\t\t\t\t<\/div>\n\t\t\t\t<div class=\"elementor-element elementor-element-4e54607 elementor-widget__width-initial elementor-hidden-desktop elementor-widget elementor-widget-heading\" data-id=\"4e54607\" data-element_type=\"widget\" data-widget_type=\"heading.default\">\n\t\t\t\t<div class=\"elementor-widget-container\">\n\t\t\t\t\t<h2 class=\"elementor-heading-title elementor-size-default\">Sinais do WhatsApp <span style=\"color: #000\"> s\u00e3o seu guia para os mercados financeiros<\/h2>\t\t\t\t<\/div>\n\t\t\t\t<\/div>\n\t\t\t\t<div class=\"elementor-element elementor-element-39ba05b6 elementor-widget elementor-widget-text-editor\" data-id=\"39ba05b6\" data-element_type=\"widget\" data-widget_type=\"text-editor.default\">\n\t\t\t\t<div class=\"elementor-widget-container\">\n\t\t\t\t\t\t\t\t\t<p>Buscar nos mercados financeiros pode envolver horas analisando gr\u00e1ficos e lendo not\u00edcias para se manter atualizado com as mudan\u00e7as. Felizmente, algumas das melhores ideias de negocia\u00e7\u00e3o est\u00e3o a apenas uma mensagem do WhatsApp de dist\u00e2ncia!<\/p>\n\t\t\t\t\t\t\t\t<\/div>\n\t\t\t\t<\/div>\n\t\t\t\t<div class=\"elementor-element elementor-element-7466478b elementor-widget elementor-widget-text-editor\" data-id=\"7466478b\" data-element_type=\"widget\" data-widget_type=\"text-editor.default\">\n\t\t\t\t<div class=\"elementor-widget-container\">\n\t\t\t\t\t\t\t\t\t<p>Arme-se com informa\u00e7\u00f5es precisas necess\u00e1rias para obter um desempenho de negocia\u00e7\u00e3o positivo com os Sinais do WhatsApp.<\/p>\n\t\t\t\t\t\t\t\t<\/div>\n\t\t\t\t<\/div>\n\t\t\t\t<div class=\"elementor-element elementor-element-46f8c51f elementor-widget elementor-widget-text-editor\" data-id=\"46f8c51f\" data-element_type=\"widget\" data-widget_type=\"text-editor.default\">\n\t\t\t\t<div class=\"elementor-widget-container\">\n\t\t\t\t\t\t\t\t\t<p>Receba vis\u00f5es detalhadas de excelentes configura\u00e7\u00f5es de negocia\u00e7\u00e3o diariamente e gr\u00e1ficos correspondentes para ajudar a potencializar sua experi\u00eancia e consistentemente direcion\u00e1-lo para oportunidades emocionantes conforme surgem. E o melhor de tudo, se voc\u00ea conectar sua plataforma de negocia\u00e7\u00e3o, poder\u00e1 executar automaticamente os sinais assim que chegarem na sua caixa de entrada do WhatsApp!<\/p>\n\t\t\t\t\t\t\t\t<\/div>\n\t\t\t\t<\/div>\n\t\t\t\t\t<\/div>\n\t\t<\/div>\n\t\t\t\t<div class=\"elementor-column elementor-col-50 elementor-top-column elementor-element elementor-element-6890646c\" data-id=\"6890646c\" data-element_type=\"column\">\n\t\t\t<div class=\"elementor-widget-wrap elementor-element-populated\">\n\t\t\t\t\t\t<div class=\"elementor-element elementor-element-23436d38 elementor-hidden-tablet elementor-hidden-mobile elementor-widget elementor-widget-image\" data-id=\"23436d38\" data-element_type=\"widget\" data-widget_type=\"image.default\">\n\t\t\t\t<div class=\"elementor-widget-container\">\n\t\t\t\t\t\t\t\t\t\t\t\t\t\t\t<img fetchpriority=\"high\" decoding=\"async\" width=\"454\" height=\"685\" src=\"https:\/\/bcdn.whatsappsignals.com\/wp-content\/uploads\/2022\/08\/mobile-about-us-1.png\" class=\"attachment-large size-large wp-image-74\" alt=\"WhatsApp Signals\" srcset=\"https:\/\/bcdn.whatsappsignals.com\/wp-content\/uploads\/2022\/08\/mobile-about-us-1.png 454w, https:\/\/bcdn.whatsappsignals.com\/wp-content\/uploads\/2022\/08\/mobile-about-us-1-199x300.png 199w\" sizes=\"(max-width: 454px) 100vw, 454px\" \/>\t\t\t\t\t\t\t\t\t\t\t\t\t\t\t<\/div>\n\t\t\t\t<\/div>\n\t\t\t\t<div class=\"elementor-element elementor-element-91e5f50 elementor-hidden-desktop elementor-widget elementor-widget-image\" data-id=\"91e5f50\" data-element_type=\"widget\" data-widget_type=\"image.default\">\n\t\t\t\t<div class=\"elementor-widget-container\">\n\t\t\t\t\t\t\t\t\t\t\t\t\t\t\t<img decoding=\"async\" width=\"341\" height=\"291\" src=\"https:\/\/bcdn.whatsappsignals.com\/wp-content\/uploads\/2022\/08\/image-mobile.png\" class=\"attachment-large size-large wp-image-353\" alt=\"WhatsApp Signals\" srcset=\"https:\/\/bcdn.whatsappsignals.com\/wp-content\/uploads\/2022\/08\/image-mobile.png 341w, https:\/\/bcdn.whatsappsignals.com\/wp-content\/uploads\/2022\/08\/image-mobile-300x256.png 300w\" sizes=\"(max-width: 341px) 100vw, 341px\" \/>\t\t\t\t\t\t\t\t\t\t\t\t\t\t\t<\/div>\n\t\t\t\t<\/div>\n\t\t\t\t\t<\/div>\n\t\t<\/div>\n\t\t\t\t\t<\/div>\n\t\t<\/section>\n\t\t\t\t<section class=\"elementor-section elementor-top-section elementor-element elementor-element-62fe8f6d p-0 elementor-hidden-desktop elementor-hidden-tablet elementor-hidden-mobile elementor-section-boxed elementor-section-height-default elementor-section-height-default\" data-id=\"62fe8f6d\" data-element_type=\"section\" data-settings=\"{&quot;background_background&quot;:&quot;classic&quot;}\">\n\t\t\t\t\t\t<div class=\"elementor-container elementor-column-gap-default\">\n\t\t\t\t\t<div class=\"elementor-column elementor-col-100 elementor-top-column elementor-element elementor-element-5c5fc973\" data-id=\"5c5fc973\" data-element_type=\"column\">\n\t\t\t<div class=\"elementor-widget-wrap elementor-element-populated\">\n\t\t\t\t\t\t<div class=\"elementor-element elementor-element-6dca08d2 elementor-widget__width-initial elementor-hidden-tablet elementor-hidden-mobile elementor-widget elementor-widget-heading\" data-id=\"6dca08d2\" data-element_type=\"widget\" data-widget_type=\"heading.default\">\n\t\t\t\t<div class=\"elementor-widget-container\">\n\t\t\t\t\t<h2 class=\"elementor-heading-title elementor-size-default\">Get familiar with our extraordinary partners!<\/h2>\t\t\t\t<\/div>\n\t\t\t\t<\/div>\n\t\t\t\t<div class=\"elementor-element elementor-element-1aec625 elementor-widget__width-initial elementor-hidden-desktop elementor-widget elementor-widget-heading\" data-id=\"1aec625\" data-element_type=\"widget\" data-widget_type=\"heading.default\">\n\t\t\t\t<div class=\"elementor-widget-container\">\n\t\t\t\t\t<h2 class=\"elementor-heading-title elementor-size-default\">Get familiar with our extraordinary <span style=\"color: #228A00\">partners!<\/span><\/h2>\t\t\t\t<\/div>\n\t\t\t\t<\/div>\n\t\t\t\t<section class=\"elementor-section elementor-inner-section elementor-element elementor-element-1a14967f elementor-section-full_width elementor-section-height-default elementor-section-height-default\" data-id=\"1a14967f\" data-element_type=\"section\" data-settings=\"{&quot;background_background&quot;:&quot;classic&quot;}\">\n\t\t\t\t\t\t<div class=\"elementor-container elementor-column-gap-default\">\n\t\t\t\t\t<div class=\"elementor-column elementor-col-50 elementor-inner-column elementor-element elementor-element-553829a0\" data-id=\"553829a0\" data-element_type=\"column\">\n\t\t\t<div class=\"elementor-widget-wrap elementor-element-populated\">\n\t\t\t\t\t\t<div class=\"elementor-element elementor-element-119534f5 elementor-hidden-tablet elementor-hidden-mobile elementor-widget elementor-widget-image\" data-id=\"119534f5\" data-element_type=\"widget\" data-widget_type=\"image.default\">\n\t\t\t\t<div class=\"elementor-widget-container\">\n\t\t\t\t\t\t\t\t\t\t\t\t\t\t\t<img decoding=\"async\" width=\"368\" height=\"268\" src=\"https:\/\/bcdn.whatsappsignals.com\/wp-content\/uploads\/2022\/08\/visual-1.png\" class=\"attachment-full size-full wp-image-77\" alt=\"WhatsApp Signals\" srcset=\"https:\/\/bcdn.whatsappsignals.com\/wp-content\/uploads\/2022\/08\/visual-1.png 368w, https:\/\/bcdn.whatsappsignals.com\/wp-content\/uploads\/2022\/08\/visual-1-300x218.png 300w\" sizes=\"(max-width: 368px) 100vw, 368px\" \/>\t\t\t\t\t\t\t\t\t\t\t\t\t\t\t<\/div>\n\t\t\t\t<\/div>\n\t\t\t\t<div class=\"elementor-element elementor-element-1bdc1b1 elementor-hidden-desktop elementor-widget elementor-widget-image\" data-id=\"1bdc1b1\" data-element_type=\"widget\" data-widget_type=\"image.default\">\n\t\t\t\t<div class=\"elementor-widget-container\">\n\t\t\t\t\t\t\t\t\t\t\t\t\t\t\t<img loading=\"lazy\" decoding=\"async\" width=\"258\" height=\"249\" src=\"https:\/\/bcdn.whatsappsignals.com\/wp-content\/uploads\/2022\/08\/visual-mobile.png\" class=\"attachment-full size-full wp-image-357\" alt=\"WhatsApp Signals\" \/>\t\t\t\t\t\t\t\t\t\t\t\t\t\t\t<\/div>\n\t\t\t\t<\/div>\n\t\t\t\t\t<\/div>\n\t\t<\/div>\n\t\t\t\t<div class=\"elementor-column elementor-col-50 elementor-inner-column elementor-element elementor-element-4b0c484b\" data-id=\"4b0c484b\" data-element_type=\"column\">\n\t\t\t<div class=\"elementor-widget-wrap elementor-element-populated\">\n\t\t\t\t\t\t<div class=\"elementor-element elementor-element-411c1b6b elementor-widget elementor-widget-image\" data-id=\"411c1b6b\" data-element_type=\"widget\" data-widget_type=\"image.default\">\n\t\t\t\t<div class=\"elementor-widget-container\">\n\t\t\t\t\t\t\t\t\t\t\t\t\t\t\t<img loading=\"lazy\" decoding=\"async\" width=\"325\" height=\"59\" src=\"https:\/\/bcdn.whatsappsignals.com\/wp-content\/uploads\/2022\/08\/Logo_Vector_White_MAIN-1.png\" class=\"attachment-large size-large wp-image-78\" alt=\"WhatsApp Signals\" srcset=\"https:\/\/bcdn.whatsappsignals.com\/wp-content\/uploads\/2022\/08\/Logo_Vector_White_MAIN-1.png 325w, https:\/\/bcdn.whatsappsignals.com\/wp-content\/uploads\/2022\/08\/Logo_Vector_White_MAIN-1-300x54.png 300w\" sizes=\"(max-width: 325px) 100vw, 325px\" \/>\t\t\t\t\t\t\t\t\t\t\t\t\t\t\t<\/div>\n\t\t\t\t<\/div>\n\t\t\t\t<div class=\"elementor-element elementor-element-afdf4e8 elementor-widget elementor-widget-text-editor\" data-id=\"afdf4e8\" data-element_type=\"widget\" data-widget_type=\"text-editor.default\">\n\t\t\t\t<div class=\"elementor-widget-container\">\n\t\t\t\t\t\t\t\t\t<p>A fully licensed broker and regulated by the FSA, Seychelles. Axia Investments provides appropriate education and advanced trading platforms, with unlimited promotions and exciting competitions.<\/p>\n<p>Axia Investments seeks to provide the ultimate trading experience with safety, a superior educational framework, robust tech, outstanding support and a remarkable experience for traders around the world.<\/p>\n\t\t\t\t\t\t\t\t<\/div>\n\t\t\t\t<\/div>\n\t\t\t\t<div class=\"elementor-element elementor-element-480edb74 elementor-tablet-align-center elementor-widget elementor-widget-button\" data-id=\"480edb74\" data-element_type=\"widget\" data-widget_type=\"button.default\">\n\t\t\t\t<div class=\"elementor-widget-container\">\n\t\t\t\t\t\t\t\t\t<div class=\"elementor-button-wrapper\">\n\t\t\t\t\t<a class=\"elementor-button elementor-button-link elementor-size-sm\" href=\"#\">\n\t\t\t\t\t\t<span class=\"elementor-button-content-wrapper\">\n\t\t\t\t\t\t\t\t\t<span class=\"elementor-button-text\">Know more<\/span>\n\t\t\t\t\t<\/span>\n\t\t\t\t\t<\/a>\n\t\t\t\t<\/div>\n\t\t\t\t\t\t\t\t<\/div>\n\t\t\t\t<\/div>\n\t\t\t\t\t<\/div>\n\t\t<\/div>\n\t\t\t\t\t<\/div>\n\t\t<\/section>\n\t\t\t\t<section class=\"elementor-section elementor-inner-section elementor-element elementor-element-118c4f09 elementor-section-full_width elementor-section-height-default elementor-section-height-default\" data-id=\"118c4f09\" data-element_type=\"section\" data-settings=\"{&quot;background_background&quot;:&quot;classic&quot;}\">\n\t\t\t\t\t\t<div class=\"elementor-container elementor-column-gap-default\">\n\t\t\t\t\t<div class=\"elementor-column elementor-col-50 elementor-inner-column elementor-element elementor-element-bc56033\" data-id=\"bc56033\" data-element_type=\"column\">\n\t\t\t<div class=\"elementor-widget-wrap elementor-element-populated\">\n\t\t\t\t\t\t<div class=\"elementor-element elementor-element-745c1c6a elementor-hidden-tablet elementor-hidden-mobile elementor-widget elementor-widget-image\" data-id=\"745c1c6a\" data-element_type=\"widget\" data-widget_type=\"image.default\">\n\t\t\t\t<div class=\"elementor-widget-container\">\n\t\t\t\t\t\t\t\t\t\t\t\t\t\t\t<img loading=\"lazy\" decoding=\"async\" width=\"389\" height=\"352\" src=\"https:\/\/bcdn.whatsappsignals.com\/wp-content\/uploads\/2022\/08\/traders-academy-man-1.png\" class=\"attachment-full size-full wp-image-79\" alt=\"WhatsApp Signals\" srcset=\"https:\/\/bcdn.whatsappsignals.com\/wp-content\/uploads\/2022\/08\/traders-academy-man-1.png 389w, https:\/\/bcdn.whatsappsignals.com\/wp-content\/uploads\/2022\/08\/traders-academy-man-1-300x271.png 300w\" sizes=\"(max-width: 389px) 100vw, 389px\" \/>\t\t\t\t\t\t\t\t\t\t\t\t\t\t\t<\/div>\n\t\t\t\t<\/div>\n\t\t\t\t<div class=\"elementor-element elementor-element-0fa11ec elementor-hidden-desktop elementor-widget elementor-widget-image\" data-id=\"0fa11ec\" data-element_type=\"widget\" data-widget_type=\"image.default\">\n\t\t\t\t<div class=\"elementor-widget-container\">\n\t\t\t\t\t\t\t\t\t\t\t\t\t\t\t<img loading=\"lazy\" decoding=\"async\" width=\"214\" height=\"211\" src=\"https:\/\/bcdn.whatsappsignals.com\/wp-content\/uploads\/2022\/08\/traders-academy-man-mobile-1.png\" class=\"attachment-full size-full wp-image-373\" alt=\"WhatsApp Signals\" \/>\t\t\t\t\t\t\t\t\t\t\t\t\t\t\t<\/div>\n\t\t\t\t<\/div>\n\t\t\t\t\t<\/div>\n\t\t<\/div>\n\t\t\t\t<div class=\"elementor-column elementor-col-50 elementor-inner-column elementor-element elementor-element-814465a\" data-id=\"814465a\" data-element_type=\"column\">\n\t\t\t<div class=\"elementor-widget-wrap elementor-element-populated\">\n\t\t\t\t\t\t<div class=\"elementor-element elementor-element-7f626f52 elementor-widget elementor-widget-image\" data-id=\"7f626f52\" data-element_type=\"widget\" data-widget_type=\"image.default\">\n\t\t\t\t<div class=\"elementor-widget-container\">\n\t\t\t\t\t\t\t\t\t\t\t\t\t\t\t<img loading=\"lazy\" decoding=\"async\" width=\"238\" height=\"50\" src=\"https:\/\/bcdn.whatsappsignals.com\/wp-content\/uploads\/2022\/08\/logo-1-1.png\" class=\"attachment-large size-large wp-image-80\" alt=\"WhatsApp Signals\" \/>\t\t\t\t\t\t\t\t\t\t\t\t\t\t\t<\/div>\n\t\t\t\t<\/div>\n\t\t\t\t<div class=\"elementor-element elementor-element-632df86a elementor-widget elementor-widget-text-editor\" data-id=\"632df86a\" data-element_type=\"widget\" data-widget_type=\"text-editor.default\">\n\t\t\t\t<div class=\"elementor-widget-container\">\n\t\t\t\t\t\t\t\t\t<p>A fully licensed broker and regulated by the FSA, Seychelles. Axia Investments provides appropriate education and advanced trading platforms, with unlimited promotions and exciting competitions.<\/p>\n<p>Axia Investments seeks to provide the ultimate trading experience with safety, a superior educational framework, robust tech, outstanding support and a remarkable experience for traders around the world.<\/p>\n\t\t\t\t\t\t\t\t<\/div>\n\t\t\t\t<\/div>\n\t\t\t\t<div class=\"elementor-element elementor-element-6a27a4c5 elementor-tablet-align-center elementor-widget elementor-widget-button\" data-id=\"6a27a4c5\" data-element_type=\"widget\" data-widget_type=\"button.default\">\n\t\t\t\t<div class=\"elementor-widget-container\">\n\t\t\t\t\t\t\t\t\t<div class=\"elementor-button-wrapper\">\n\t\t\t\t\t<a class=\"elementor-button elementor-button-link elementor-size-sm\" href=\"#\">\n\t\t\t\t\t\t<span class=\"elementor-button-content-wrapper\">\n\t\t\t\t\t\t\t\t\t<span class=\"elementor-button-text\">Know more<\/span>\n\t\t\t\t\t<\/span>\n\t\t\t\t\t<\/a>\n\t\t\t\t<\/div>\n\t\t\t\t\t\t\t\t<\/div>\n\t\t\t\t<\/div>\n\t\t\t\t\t<\/div>\n\t\t<\/div>\n\t\t\t\t\t<\/div>\n\t\t<\/section>\n\t\t\t\t\t<\/div>\n\t\t<\/div>\n\t\t\t\t\t<\/div>\n\t\t<\/section>\n\t\t\t\t<\/div>\n\t\t","protected":false},"excerpt":{"rendered":"<p>Sinais do WhatsApp s\u00e3o seu guia para os mercados financeiros Sinais do WhatsApp s\u00e3o seu guia para os mercados financeiros Buscar nos mercados financeiros pode envolver horas analisando gr\u00e1ficos e lendo not\u00edcias para se manter atualizado com as mudan\u00e7as. Felizmente, algumas das melhores ideias de negocia\u00e7\u00e3o est\u00e3o a apenas uma mensagem do WhatsApp de dist\u00e2ncia! [&hellip;]<\/p>\n","protected":false},"author":2,"featured_media":0,"parent":0,"menu_order":0,"comment_status":"closed","ping_status":"closed","template":"elementor_header_footer","meta":{"inline_featured_image":false,"footnotes":""},"class_list":["post-4698","page","type-page","status-publish","hentry"],"acf":[],"_links":{"self":[{"href":"https:\/\/whatsappsignals.com\/pt-br\/wp-json\/wp\/v2\/pages\/4698","targetHints":{"allow":["GET"]}}],"collection":[{"href":"https:\/\/whatsappsignals.com\/pt-br\/wp-json\/wp\/v2\/pages"}],"about":[{"href":"https:\/\/whatsappsignals.com\/pt-br\/wp-json\/wp\/v2\/types\/page"}],"author":[{"embeddable":true,"href":"https:\/\/whatsappsignals.com\/pt-br\/wp-json\/wp\/v2\/users\/2"}],"replies":[{"embeddable":true,"href":"https:\/\/whatsappsignals.com\/pt-br\/wp-json\/wp\/v2\/comments?post=4698"}],"version-history":[{"count":0,"href":"https:\/\/whatsappsignals.com\/pt-br\/wp-json\/wp\/v2\/pages\/4698\/revisions"}],"wp:attachment":[{"href":"https:\/\/whatsappsignals.com\/pt-br\/wp-json\/wp\/v2\/media?parent=4698"}],"curies":[{"name":"wp","href":"https:\/\/api.w.org\/{rel}","templated":true}]}}