{"id":8118,"date":"2025-01-22T10:50:59","date_gmt":"2025-01-22T10:50:59","guid":{"rendered":"https:\/\/whatsappsignals.com\/best-signals\/"},"modified":"2025-01-22T12:16:27","modified_gmt":"2025-01-22T12:16:27","slug":"best-signals","status":"publish","type":"page","link":"https:\/\/whatsappsignals.com\/es\/best-signals\/","title":{"rendered":"Best Signals"},"content":{"rendered":"\t\t<div data-elementor-type=\"wp-page\" data-elementor-id=\"8118\" class=\"elementor elementor-8118\" data-elementor-post-type=\"page\">\n\t\t\t\t<div class=\"elementor-element elementor-element-d71394d e-flex e-con-boxed e-con e-parent\" data-id=\"d71394d\" data-element_type=\"container\" data-settings=\"{&quot;background_background&quot;:&quot;classic&quot;}\">\n\t\t\t\t\t<div class=\"e-con-inner\">\n\t\t\t\t<div class=\"elementor-element elementor-element-aaa444a elementor-widget__width-initial elementor-widget elementor-widget-heading\" data-id=\"aaa444a\" data-element_type=\"widget\" data-widget_type=\"heading.default\">\n\t\t\t\t<div class=\"elementor-widget-container\">\n\t\t\t\t\t<h2 class=\"elementor-heading-title elementor-size-default\">Las Mejores Se\u00f1ales de Trading Semanales: <br \/>\nTu Ventaja en el Mercado<\/h2>\t\t\t\t<\/div>\n\t\t\t\t<\/div>\n\t\t\t\t<div class=\"elementor-element elementor-element-bcbefd8 elementor-widget__width-initial elementor-widget elementor-widget-text-editor\" data-id=\"bcbefd8\" data-element_type=\"widget\" data-widget_type=\"text-editor.default\">\n\t\t\t\t<div class=\"elementor-widget-container\">\n\t\t\t\t\t\t\t\t\t<div class=\"elementor-element elementor-element-d7d1f90 elementor-widget__width-initial elementor-widget elementor-widget-text-editor\" data-id=\"d7d1f90\" data-element_type=\"widget\" data-widget_type=\"text-editor.default\"><div class=\"elementor-widget-container\"><p>Descubra las se\u00f1ales de trading m\u00e1s efectivas actualizadas cada semana para ayudarle a tomar decisiones informadas y aprovechar las oportunidades del mercado. Ya sea que opere con forex, acciones o materias primas, nuestras se\u00f1ales brindan informaci\u00f3n valiosa para mantenerle a la vanguardia. Vuelva cada semana para obtener las \u00faltimas actualizaciones y maximice su potencial de trading.<\/p><\/div><\/div>\t\t\t\t\t\t\t\t<\/div>\n\t\t\t\t<\/div>\n\t\t\t\t<div class=\"elementor-element elementor-element-5245dc8 elementor-widget elementor-widget-WinningCards\" data-id=\"5245dc8\" data-element_type=\"widget\" data-widget_type=\"WinningCards.default\">\n\t\t\t\t<div class=\"elementor-widget-container\">\n\t\t\t\t\t        <div class=\"traders-container swiper\">\n            <div class=\"swiper-wrapper\">\n                                    <div class=\"trade-card swiper-slide\">\n\n                        <div class=\"category\">\n                            FOREX                        <\/div>\n\n                        <div class=\"card-header\">\n                                                            <img decoding=\"async\" class=\"card-image\" src=\"https:\/\/file.seekapaemail.com\/assetimg\/eur.png\" alt=\"EUR\/JPY\" \/>\n                                                                                        <img decoding=\"async\" class=\"card-image card-image-2\" src=\"https:\/\/file.seekapaemail.com\/assetimg\/jpy.png\" alt=\"EUR\/JPY\" \/>\n                            \n                            <div class=\"header-content\">\n                                <h3>EUR\/JPY<\/h3>\n                                <p>EURJPY<\/p>\n                            <\/div>\n                        <\/div>\n\n                        <div class='card-content'>\n                            <p class=\"open-price\">Precio de Apertura: 187.535<\/p>\n                            <p class=\"close-price\">Precio de Cierre: 186.614<\/p>\n                            <p class=\"action\">Acci\u00f3n:  SELL<\/p>\n                            <p class=\"open-date\">Fecha y Hora de Apertura (GMT): 2026-04-17 13:15:00<\/p>\n                            <div class=\"profit-wrapper\">\n                                <b>Invirtiendo $1000 (apalancado)<\/b>\n                                <p class=\"profit\">Tu Ganancia Ser\u00eda:                                    <span>$1964.43 \ud83d\udcb0<\/span>\n                                <\/p>\n                            <\/div>\n                        <\/div>\n                    <\/div>\n                                        <div class=\"trade-card swiper-slide\">\n\n                        <div class=\"category\">\n                            CRYPTO                        <\/div>\n\n                        <div class=\"card-header\">\n                                                            <img decoding=\"async\" class=\"card-image\" src=\"http:\/\/nfp.pandats.com\/asset-icons\/btc.svg\" alt=\"BTC\/USD\" \/>\n                                                        \n                            <div class=\"header-content\">\n                                <h3>BTC\/USD<\/h3>\n                                <p>BTCUSD<\/p>\n                            <\/div>\n                        <\/div>\n\n                        <div class='card-content'>\n                            <p class=\"open-price\">Precio de Apertura: 75609<\/p>\n                            <p class=\"close-price\">Precio de Cierre: 74705.9<\/p>\n                            <p class=\"action\">Acci\u00f3n:  SELL<\/p>\n                            <p class=\"open-date\">Fecha y Hora de Apertura (GMT): 2026-04-14 14:00:00<\/p>\n                            <div class=\"profit-wrapper\">\n                                <b>Invirtiendo $1000 (apalancado)<\/b>\n                                <p class=\"profit\">Tu Ganancia Ser\u00eda:                                    <span>$4777.74 \ud83d\udcb0<\/span>\n                                <\/p>\n                            <\/div>\n                        <\/div>\n                    <\/div>\n                                        <div class=\"trade-card swiper-slide\">\n\n                        <div class=\"category\">\n                            COMMODITIES                        <\/div>\n\n                        <div class=\"card-header\">\n                                                            <img decoding=\"async\" class=\"card-image\" src=\"https:\/\/file.seekapaemail.com\/assetimg\/gold.png\" alt=\"Gold\" \/>\n                                                        \n                            <div class=\"header-content\">\n                                <h3>Gold<\/h3>\n                                <p>XAUUSD<\/p>\n                            <\/div>\n                        <\/div>\n\n                        <div class='card-content'>\n                            <p class=\"open-price\">Precio de Apertura: 4752.4<\/p>\n                            <p class=\"close-price\">Precio de Cierre: 4792.03<\/p>\n                            <p class=\"action\">Acci\u00f3n:  BUY<\/p>\n                            <p class=\"open-date\">Fecha y Hora de Apertura (GMT): 2026-04-20 00:15:00<\/p>\n                            <div class=\"profit-wrapper\">\n                                <b>Invirtiendo $1000 (apalancado)<\/b>\n                                <p class=\"profit\">Tu Ganancia Ser\u00eda:                                    <span>$3335.58 \ud83d\udcb0<\/span>\n                                <\/p>\n                            <\/div>\n                        <\/div>\n                    <\/div>\n                                <\/div>\n            <div class=\"swiper-pagination\"><\/div>\n        <\/div>\n\t\t\t\t<\/div>\n\t\t\t\t<\/div>\n\t\t\t\t<div class=\"elementor-element elementor-element-f7eb52f elementor-align-center elementor-widget elementor-widget-button\" data-id=\"f7eb52f\" data-element_type=\"widget\" data-widget_type=\"button.default\">\n\t\t\t\t<div class=\"elementor-widget-container\">\n\t\t\t\t\t\t\t\t\t<div class=\"elementor-button-wrapper\">\n\t\t\t\t\t<a class=\"elementor-button elementor-button-link elementor-size-sm\" href=\"https:\/\/whatsappsignals.com\/#whatsappform\">\n\t\t\t\t\t\t<span class=\"elementor-button-content-wrapper\">\n\t\t\t\t\t\t\t\t\t<span class=\"elementor-button-text\">Obt\u00e9n Se\u00f1ales Ahora<\/span>\n\t\t\t\t\t<\/span>\n\t\t\t\t\t<\/a>\n\t\t\t\t<\/div>\n\t\t\t\t\t\t\t\t<\/div>\n\t\t\t\t<\/div>\n\t\t\t\t\t<\/div>\n\t\t\t\t<\/div>\n\t\t\t\t<\/div>\n\t\t","protected":false},"excerpt":{"rendered":"<p>Las Mejores Se\u00f1ales de Trading Semanales: Tu Ventaja en el Mercado Descubra las se\u00f1ales de trading m\u00e1s efectivas actualizadas cada semana para ayudarle a tomar decisiones informadas y aprovechar las oportunidades del mercado. Ya sea que opere con forex, acciones o materias primas, nuestras se\u00f1ales brindan informaci\u00f3n valiosa para mantenerle a la vanguardia. Vuelva cada [&hellip;]<\/p>\n","protected":false},"author":171,"featured_media":0,"parent":0,"menu_order":0,"comment_status":"closed","ping_status":"closed","template":"","meta":{"inline_featured_image":false,"footnotes":""},"class_list":["post-8118","page","type-page","status-publish","hentry"],"acf":[],"_links":{"self":[{"href":"https:\/\/whatsappsignals.com\/es\/wp-json\/wp\/v2\/pages\/8118","targetHints":{"allow":["GET"]}}],"collection":[{"href":"https:\/\/whatsappsignals.com\/es\/wp-json\/wp\/v2\/pages"}],"about":[{"href":"https:\/\/whatsappsignals.com\/es\/wp-json\/wp\/v2\/types\/page"}],"author":[{"embeddable":true,"href":"https:\/\/whatsappsignals.com\/es\/wp-json\/wp\/v2\/users\/171"}],"replies":[{"embeddable":true,"href":"https:\/\/whatsappsignals.com\/es\/wp-json\/wp\/v2\/comments?post=8118"}],"version-history":[{"count":0,"href":"https:\/\/whatsappsignals.com\/es\/wp-json\/wp\/v2\/pages\/8118\/revisions"}],"wp:attachment":[{"href":"https:\/\/whatsappsignals.com\/es\/wp-json\/wp\/v2\/media?parent=8118"}],"curies":[{"name":"wp","href":"https:\/\/api.w.org\/{rel}","templated":true}]}}